{"id":66,"date":"2022-02-27T20:23:22","date_gmt":"2022-02-27T20:23:22","guid":{"rendered":"https:\/\/www.gridmag.com.mx\/?page_id=66"},"modified":"2025-10-08T11:40:15","modified_gmt":"2025-10-08T17:40:15","slug":"gridmag","status":"publish","type":"page","link":"https:\/\/www.gridmag.com.mx\/","title":{"rendered":"HOME"},"content":{"rendered":"","protected":false},"excerpt":{"rendered":"","protected":false},"author":1,"featured_media":0,"parent":0,"menu_order":0,"comment_status":"closed","ping_status":"closed","template":"page-15zine-builder.php","meta":{"footnotes":""},"class_list":["post-66","page","type-page","status-publish","hentry"],"yoast_head":"<!-- This site is optimized with the Yoast SEO plugin v27.0 - https:\/\/yoast.com\/product\/yoast-seo-wordpress\/ -->\n<title>\u25b7Arquitectura y dise\u00f1o mexicano\u3010Grid Magazine\u3011Revista online<\/title>\n<meta name=\"description\" content=\"GRID MAGAZINE es la plataforma l\u00edder para explorar la arquitectura y el dise\u00f1o mexicano. Conoce a arquitectos y dise\u00f1adores de Aguascalientes\" \/>\n<meta name=\"robots\" content=\"index, follow, max-snippet:-1, max-image-preview:large, max-video-preview:-1\" \/>\n<link rel=\"canonical\" href=\"https:\/\/www.gridmag.com.mx\/\" \/>\n<meta property=\"og:locale\" content=\"es_MX\" \/>\n<meta property=\"og:type\" content=\"article\" \/>\n<meta property=\"og:title\" content=\"\u25b7Arquitectura y dise\u00f1o mexicano\u3010Grid Magazine\u3011Revista online\" \/>\n<meta property=\"og:description\" content=\"GRID MAGAZINE es la plataforma l\u00edder para explorar la arquitectura y el dise\u00f1o mexicano. Conoce a arquitectos y dise\u00f1adores de Aguascalientes\" \/>\n<meta property=\"og:url\" content=\"https:\/\/www.gridmag.com.mx\/\" \/>\n<meta property=\"og:site_name\" content=\"Grid Magazine\" \/>\n<meta property=\"article:publisher\" content=\"https:\/\/www.facebook.com\/gridmagazine.mx\" \/>\n<meta property=\"article:modified_time\" content=\"2025-10-08T17:40:15+00:00\" \/>\n<meta name=\"twitter:card\" content=\"summary_large_image\" \/>\n<script type=\"application\/ld+json\" class=\"yoast-schema-graph\">{\"@context\":\"https:\/\/schema.org\",\"@graph\":[{\"@type\":\"WebPage\",\"@id\":\"https:\/\/www.gridmag.com.mx\/\",\"url\":\"https:\/\/www.gridmag.com.mx\/\",\"name\":\"\u25b7Arquitectura y dise\u00f1o mexicano\u3010Grid Magazine\u3011Revista online\",\"isPartOf\":{\"@id\":\"https:\/\/www.gridmag.com.mx\/#website\"},\"datePublished\":\"2022-02-27T20:23:22+00:00\",\"dateModified\":\"2025-10-08T17:40:15+00:00\",\"description\":\"GRID MAGAZINE es la plataforma l\u00edder para explorar la arquitectura y el dise\u00f1o mexicano. Conoce a arquitectos y dise\u00f1adores de Aguascalientes\",\"breadcrumb\":{\"@id\":\"https:\/\/www.gridmag.com.mx\/#breadcrumb\"},\"inLanguage\":\"es\",\"potentialAction\":[{\"@type\":\"ReadAction\",\"target\":[\"https:\/\/www.gridmag.com.mx\/\"]}]},{\"@type\":\"BreadcrumbList\",\"@id\":\"https:\/\/www.gridmag.com.mx\/#breadcrumb\",\"itemListElement\":[{\"@type\":\"ListItem\",\"position\":1,\"name\":\"Inicio\",\"item\":\"https:\/\/www.gridmag.com.mx\/\"},{\"@type\":\"ListItem\",\"position\":2,\"name\":\"HOME\"}]},{\"@type\":\"WebSite\",\"@id\":\"https:\/\/www.gridmag.com.mx\/#website\",\"url\":\"https:\/\/www.gridmag.com.mx\/\",\"name\":\"Grid Magazine\",\"description\":\"Compartiendo lo mejor de la arquitectura y dise\u00f1o mexicano.\",\"publisher\":{\"@id\":\"https:\/\/www.gridmag.com.mx\/#organization\"},\"potentialAction\":[{\"@type\":\"SearchAction\",\"target\":{\"@type\":\"EntryPoint\",\"urlTemplate\":\"https:\/\/www.gridmag.com.mx\/?s={search_term_string}\"},\"query-input\":{\"@type\":\"PropertyValueSpecification\",\"valueRequired\":true,\"valueName\":\"search_term_string\"}}],\"inLanguage\":\"es\"},{\"@type\":\"Organization\",\"@id\":\"https:\/\/www.gridmag.com.mx\/#organization\",\"name\":\"Grid Magazine\",\"url\":\"https:\/\/www.gridmag.com.mx\/\",\"logo\":{\"@type\":\"ImageObject\",\"inLanguage\":\"es\",\"@id\":\"https:\/\/www.gridmag.com.mx\/#\/schema\/logo\/image\/\",\"url\":\"\",\"contentUrl\":\"\",\"caption\":\"Grid Magazine\"},\"image\":{\"@id\":\"https:\/\/www.gridmag.com.mx\/#\/schema\/logo\/image\/\"},\"sameAs\":[\"https:\/\/www.facebook.com\/gridmagazine.mx\",\"https:\/\/www.instagram.com\/gridmagazine_mx\/\",\"https:\/\/www.tiktok.com\/@gridmagazine.mx?_t=8gl2kVR2Aq6&_r=1\",\"https:\/\/www.linkedin.com\/company\/grid-magazine-mx\/\"]}]}<\/script>\n<!-- \/ Yoast SEO plugin. -->","yoast_head_json":{"title":"\u25b7Arquitectura y dise\u00f1o mexicano\u3010Grid Magazine\u3011Revista online","description":"GRID MAGAZINE es la plataforma l\u00edder para explorar la arquitectura y el dise\u00f1o mexicano. Conoce a arquitectos y dise\u00f1adores de Aguascalientes","robots":{"index":"index","follow":"follow","max-snippet":"max-snippet:-1","max-image-preview":"max-image-preview:large","max-video-preview":"max-video-preview:-1"},"canonical":"https:\/\/www.gridmag.com.mx\/","og_locale":"es_MX","og_type":"article","og_title":"\u25b7Arquitectura y dise\u00f1o mexicano\u3010Grid Magazine\u3011Revista online","og_description":"GRID MAGAZINE es la plataforma l\u00edder para explorar la arquitectura y el dise\u00f1o mexicano. Conoce a arquitectos y dise\u00f1adores de Aguascalientes","og_url":"https:\/\/www.gridmag.com.mx\/","og_site_name":"Grid Magazine","article_publisher":"https:\/\/www.facebook.com\/gridmagazine.mx","article_modified_time":"2025-10-08T17:40:15+00:00","twitter_card":"summary_large_image","schema":{"@context":"https:\/\/schema.org","@graph":[{"@type":"WebPage","@id":"https:\/\/www.gridmag.com.mx\/","url":"https:\/\/www.gridmag.com.mx\/","name":"\u25b7Arquitectura y dise\u00f1o mexicano\u3010Grid Magazine\u3011Revista online","isPartOf":{"@id":"https:\/\/www.gridmag.com.mx\/#website"},"datePublished":"2022-02-27T20:23:22+00:00","dateModified":"2025-10-08T17:40:15+00:00","description":"GRID MAGAZINE es la plataforma l\u00edder para explorar la arquitectura y el dise\u00f1o mexicano. Conoce a arquitectos y dise\u00f1adores de Aguascalientes","breadcrumb":{"@id":"https:\/\/www.gridmag.com.mx\/#breadcrumb"},"inLanguage":"es","potentialAction":[{"@type":"ReadAction","target":["https:\/\/www.gridmag.com.mx\/"]}]},{"@type":"BreadcrumbList","@id":"https:\/\/www.gridmag.com.mx\/#breadcrumb","itemListElement":[{"@type":"ListItem","position":1,"name":"Inicio","item":"https:\/\/www.gridmag.com.mx\/"},{"@type":"ListItem","position":2,"name":"HOME"}]},{"@type":"WebSite","@id":"https:\/\/www.gridmag.com.mx\/#website","url":"https:\/\/www.gridmag.com.mx\/","name":"Grid Magazine","description":"Compartiendo lo mejor de la arquitectura y dise\u00f1o mexicano.","publisher":{"@id":"https:\/\/www.gridmag.com.mx\/#organization"},"potentialAction":[{"@type":"SearchAction","target":{"@type":"EntryPoint","urlTemplate":"https:\/\/www.gridmag.com.mx\/?s={search_term_string}"},"query-input":{"@type":"PropertyValueSpecification","valueRequired":true,"valueName":"search_term_string"}}],"inLanguage":"es"},{"@type":"Organization","@id":"https:\/\/www.gridmag.com.mx\/#organization","name":"Grid Magazine","url":"https:\/\/www.gridmag.com.mx\/","logo":{"@type":"ImageObject","inLanguage":"es","@id":"https:\/\/www.gridmag.com.mx\/#\/schema\/logo\/image\/","url":"","contentUrl":"","caption":"Grid Magazine"},"image":{"@id":"https:\/\/www.gridmag.com.mx\/#\/schema\/logo\/image\/"},"sameAs":["https:\/\/www.facebook.com\/gridmagazine.mx","https:\/\/www.instagram.com\/gridmagazine_mx\/","https:\/\/www.tiktok.com\/@gridmagazine.mx?_t=8gl2kVR2Aq6&_r=1","https:\/\/www.linkedin.com\/company\/grid-magazine-mx\/"]}]}},"_links":{"self":[{"href":"https:\/\/www.gridmag.com.mx\/index.php\/wp-json\/wp\/v2\/pages\/66","targetHints":{"allow":["GET"]}}],"collection":[{"href":"https:\/\/www.gridmag.com.mx\/index.php\/wp-json\/wp\/v2\/pages"}],"about":[{"href":"https:\/\/www.gridmag.com.mx\/index.php\/wp-json\/wp\/v2\/types\/page"}],"author":[{"embeddable":true,"href":"https:\/\/www.gridmag.com.mx\/index.php\/wp-json\/wp\/v2\/users\/1"}],"replies":[{"embeddable":true,"href":"https:\/\/www.gridmag.com.mx\/index.php\/wp-json\/wp\/v2\/comments?post=66"}],"version-history":[{"count":51,"href":"https:\/\/www.gridmag.com.mx\/index.php\/wp-json\/wp\/v2\/pages\/66\/revisions"}],"predecessor-version":[{"id":5114,"href":"https:\/\/www.gridmag.com.mx\/index.php\/wp-json\/wp\/v2\/pages\/66\/revisions\/5114"}],"wp:attachment":[{"href":"https:\/\/www.gridmag.com.mx\/index.php\/wp-json\/wp\/v2\/media?parent=66"}],"curies":[{"name":"wp","href":"https:\/\/api.w.org\/{rel}","templated":true}]}}